{"id":1859,"date":"2018-08-01T15:45:43","date_gmt":"2018-08-01T13:45:43","guid":{"rendered":"http:\/\/www.see-the-light-of-day.de\/cms\/?page_id=1859"},"modified":"2019-05-23T09:45:36","modified_gmt":"2019-05-23T07:45:36","slug":"wurfplanung","status":"publish","type":"page","link":"http:\/\/www.see-the-light-of-day.de\/cms\/wurfplanung\/","title":{"rendered":"Wurfplanung"},"content":{"rendered":"<div id='full_slider_1'  class='avia-fullwidth-slider main_color avia-shadow   avia-builder-el-0  el_before_av_layout_row  avia-builder-el-first   container_wrap fullsize' style=' '  ><div   data-size='no scaling'  data-lightbox_size='large'  data-animation='fade'  data-conditional_play=''  data-ids='1904'  data-video_counter='0'  data-autoplay='false'  data-bg_slider='false'  data-slide_height=''  data-handle='av_slideshow_full'  data-interval='3'  data-class=' '  data-el_id=''  data-css_id=''  data-scroll_down=''  data-control_layout='av-control-hidden'  data-custom_markup=''  data-perma_caption=''  data-autoplay_stopper=''  data-image_attachment=''  data-min_height='0px'  data-lazy_loading='disabled'  data-src=''  data-position='top left'  data-repeat='no-repeat'  data-attach='scroll'  data-stretch=''  class='avia-slideshow avia-slideshow-1  av-control-hidden av-default-height-applied avia-slideshow-no scaling av_slideshow_full   avia-fade-slider '  itemprop=\"image\" itemscope=\"itemscope\" itemtype=\"https:\/\/schema.org\/ImageObject\" ><ul class='avia-slideshow-inner ' style='padding-bottom: 56.259541984733%;' ><li  class=' av-single-slide slide-1 ' ><div data-rel='slideshow-1' class='avia-slide-wrap '   ><img class=\"wp-image-1904 avia-img-lazy-loading-not-1904\"  src=\"http:\/\/www.see-the-light-of-day.de\/cms\/wp-content\/uploads\/2018\/08\/P1050678.jpg\" width=\"1310\" height=\"737\" title='P1050678' alt=''  itemprop=\"thumbnailUrl\" srcset=\"http:\/\/www.see-the-light-of-day.de\/cms\/wp-content\/uploads\/2018\/08\/P1050678.jpg 1310w, http:\/\/www.see-the-light-of-day.de\/cms\/wp-content\/uploads\/2018\/08\/P1050678-300x169.jpg 300w, http:\/\/www.see-the-light-of-day.de\/cms\/wp-content\/uploads\/2018\/08\/P1050678-768x432.jpg 768w, http:\/\/www.see-the-light-of-day.de\/cms\/wp-content\/uploads\/2018\/08\/P1050678-1030x579.jpg 1030w, http:\/\/www.see-the-light-of-day.de\/cms\/wp-content\/uploads\/2018\/08\/P1050678-705x397.jpg 705w, http:\/\/www.see-the-light-of-day.de\/cms\/wp-content\/uploads\/2018\/08\/P1050678-450x253.jpg 450w\" sizes=\"(max-width: 1310px) 100vw, 1310px\" \/><\/div><\/li><\/ul><\/div><\/div>\n<div id='av-layout-grid-1'  class='av-layout-grid-container entry-content-wrapper main_color av-flex-cells     avia-builder-el-1  el_after_av_slideshow_full  el_before_av_section  submenu-not-first container_wrap fullsize' style=' '  >\n<div class=\"flex_cell no_margin av_one_third  avia-builder-el-2  el_before_av_cell_one_third  avia-builder-el-first   \"  style='height:20px; min-height:20px;background: #ffeccd; vertical-align:top; padding:0px 0px 0px 30px ; background-color:#ffeccd; ' ><div class='flex_cell_inner' ><\/div><\/div><div class=\"flex_cell no_margin av_one_third  avia-builder-el-3  el_after_av_cell_one_third  el_before_av_cell_one_third   \"  style='height:20px; min-height:20px;background: #4d4843; vertical-align:top; padding:0px 0px 0px 30px ; background-color:#4d4843; ' ><div class='flex_cell_inner' ><\/div><\/div><div class=\"flex_cell no_margin av_one_third  avia-builder-el-4  el_after_av_cell_one_third  avia-builder-el-last   \"  style='height:20px; min-height:20px;background: #ffeccd; vertical-align:top; padding:0px 0px 0px 30px ; background-color:#ffeccd; ' ><div class='flex_cell_inner' ><\/div><\/div>\n<\/div>\n<div id='av_section_1'  class='avia-section main_color avia-section-default avia-no-border-styling  avia-bg-style-fixed  avia-builder-el-5  el_after_av_layout_row  avia-builder-el-last   av-minimum-height av-minimum-height-100  container_wrap fullsize' style='background-repeat: repeat-y; background-image: url(http:\/\/www.see-the-light-of-day.de\/cms\/wp-content\/uploads\/2018\/07\/bg-content-1.png);background-attachment: fixed; background-position: center center;  '  data-section-bg-repeat='repeat-y' data-av_minimum_height_pc='100'><div class='container' ><div class='template-page content  av-content-full alpha units'><div class='post-entry post-entry-type-page post-entry-1859'><div class='entry-content-wrapper clearfix'>\n<div class=\"flex_column av_one_full  flex_column_div av-zero-column-padding first  avia-builder-el-6  avia-builder-el-no-sibling  \" style='border-radius:0px; '><section class=\"av_textblock_section \"  itemscope=\"itemscope\" itemtype=\"https:\/\/schema.org\/CreativeWork\" ><div class='avia_textblock  '   itemprop=\"text\" ><h2 class=\"fontface\" style=\"text-align: center;\">Wurfplanung<\/h2>\n<h3 style=\"text-align: center;\"><span class=\"ds58\">Alles hat seine Zeit&#8230; k<\/span><span class=\"ds58\">ein Wurf geplant.<\/span><\/h3>\n<\/div><\/section><br \/>\n<div  style='height:50px' class='hr hr-invisible   avia-builder-el-8  el_after_av_textblock  el_before_av_textblock '><span class='hr-inner ' ><span class='hr-inner-style'><\/span><\/span><\/div><br \/>\n<section class=\"av_textblock_section \"  itemscope=\"itemscope\" itemtype=\"https:\/\/schema.org\/CreativeWork\" ><div class='avia_textblock  '   itemprop=\"text\" ><h3>Informationen \u00fcber unsere Zucht<\/h3>\n<p><img loading=\"lazy\" class=\"imageborder alignleft wp-image-1949 size-full\" src=\"http:\/\/www.see-the-light-of-day.de\/cms\/wp-content\/uploads\/2018\/08\/rosi-baby.jpg\" alt=\"\" width=\"360\" height=\"270\" srcset=\"http:\/\/www.see-the-light-of-day.de\/cms\/wp-content\/uploads\/2018\/08\/rosi-baby.jpg 360w, http:\/\/www.see-the-light-of-day.de\/cms\/wp-content\/uploads\/2018\/08\/rosi-baby-300x225.jpg 300w\" sizes=\"(max-width: 360px) 100vw, 360px\" \/>Wir z\u00fcchten nach den strengen Regeln des Golden Retriever Clubs (GRC e.V.) Dieser Club wird \u00fcberwacht vom VDH (Verband deutscher Hundewesen) und ist der FCI (Federation Cynologique Internationale) angeschlossen.<br \/>\nDiese Papiere sind in Deutschland (VDH) und im Ausland (FCI) die einzig anerkannten Dokumente die beweisen, dass Ihr Welpe aus kontrollierter Zucht abstammt.<\/p>\n<p>Unsere Zuchthunde haben alle die anerkannten Zuchtzulassungen vom GRC, das setzt voraus, dass sie auf HD\/ED und erbliche Augenerkrankungen untersucht worden sind und den Zuchtbedingungen des GRC entsprechen!<br \/>\nSie haben einen erfolgreichen Wesenstest absolviert und mindestens 2 VDH Ausstellungen besucht mit mind. &#8222;sehr gut&#8220;. Sind dann durch einen VDH-Richter nochmals auf Wesensicherheit, Formwert (das Gesamtbild muss dem FCI-Standard des Golden Retrievers entsprechen) und Schusssicherheit getestet worden. Erst dann wird vom GRC.e.V. die Zuchtzulassung ausgestellt.<\/p>\n<p>Unsere Zucht ist eine reine Hobbyzucht, wir z\u00fcchten aus Liebe zu dieser Rasse und nicht aus kommerziellen Gr\u00fcnden! Und haben in unregelm\u00e4ssigen Abst\u00e4nden mal einen Wurf liegen.<\/p>\n<p><img loading=\"lazy\" class=\"imageborder alignright wp-image-1951 size-full\" src=\"http:\/\/www.see-the-light-of-day.de\/cms\/wp-content\/uploads\/2018\/08\/wurfplanung-3.jpg\" alt=\"\" width=\"320\" height=\"240\" srcset=\"http:\/\/www.see-the-light-of-day.de\/cms\/wp-content\/uploads\/2018\/08\/wurfplanung-3.jpg 320w, http:\/\/www.see-the-light-of-day.de\/cms\/wp-content\/uploads\/2018\/08\/wurfplanung-3-300x225.jpg 300w\" sizes=\"(max-width: 320px) 100vw, 320px\" \/>Unser Ziel ist es gesunde, typische Golden Retriever zu z\u00fcchten, die dem Rassestandart, Anlagen und dem Wesen dieser Rasse entsprechen.<br \/>\nWir planen gewissenhaft und mit Verantwortung die Verpaarungen unserer Hunde. Achten mit gro\u00dfer Sorgfalt darauf welche Zuchtziele wir erreichen und verbessern wollen auch geben wir Ihnen gerne Auskunft \u00fcber unsere Zuchtunterlagen.<\/p>\n<p>Unsere Welpen werden im Haus und Garten gro\u00dfgezogen und haben in den ersten 8 Wochen viele unterschiedliche Eindr\u00fccke erlebt.<\/p>\n<p>Sie werden mit vielen Alltagsger\u00e4uschen konfrontiert. Lernen Kinder und viele Menschen kennen, entdecken unseren Garten, der mit verschiedenen Reizen ausgestattet wird. Optische, z.B. flatternde T\u00fccher und Spielzeug. Akustische, z.B. aufgeh\u00e4ngte Blechdosen, Musik und Staubsauger. Taktile, z.B. unterschiedliche Bodenbel\u00e4ge, wie Plastikfolien, Holz, Gras, Stein und Teppich. Das nat\u00fcrlich gemeinsam mit der Mama und den Geschwistern. Ihr Welpe soll sich dadurch an viele Dinge gew\u00f6hnen, die einmal potenziell angsterregend und fremd waren.<\/p>\n<p><img loading=\"lazy\" class=\"imageborder alignleft wp-image-1952 size-full\" src=\"http:\/\/www.see-the-light-of-day.de\/cms\/wp-content\/uploads\/2018\/08\/wurfplanung-1.jpg\" alt=\"\" width=\"320\" height=\"240\" srcset=\"http:\/\/www.see-the-light-of-day.de\/cms\/wp-content\/uploads\/2018\/08\/wurfplanung-1.jpg 320w, http:\/\/www.see-the-light-of-day.de\/cms\/wp-content\/uploads\/2018\/08\/wurfplanung-1-300x225.jpg 300w\" sizes=\"(max-width: 320px) 100vw, 320px\" \/>Unsere Welpen werden mit vollendeten 8 Wochen abgegeben, da dies der beste Zeitpunkt der Abgabe ist. Zwischen der 8. und 12. Lebenswoche ist die Lernphase eines Welpen enorm gross. Eine optimale Voraussetzung f\u00fcr ihn und die neue Familie.<\/p>\n<p>Nach der Abgabe stehen wir f\u00fcr Fragen und Probleme jederzeit zur Verf\u00fcgung. Die Betreuung -danach- wird bei uns sehr gro\u00dfgeschrieben.<\/p>\n<p>Ein Zitat macht deutlich:<br \/>\n&#8222;Ein Hund ist der einzige Freund den man sich kaufen kann!&#8220;<\/p>\n<p>Wir geben Ihnen eine Garantie auf Zuchtreinheit und auf Einhaltung der Zuchtbedingungen des GRC\/VDH\/FCI!<\/p>\n<\/div><\/section><\/p><\/div>\n","protected":false},"excerpt":{"rendered":"","protected":false},"author":1,"featured_media":0,"parent":0,"menu_order":0,"comment_status":"closed","ping_status":"closed","template":"","meta":[],"_links":{"self":[{"href":"http:\/\/www.see-the-light-of-day.de\/cms\/wp-json\/wp\/v2\/pages\/1859"}],"collection":[{"href":"http:\/\/www.see-the-light-of-day.de\/cms\/wp-json\/wp\/v2\/pages"}],"about":[{"href":"http:\/\/www.see-the-light-of-day.de\/cms\/wp-json\/wp\/v2\/types\/page"}],"author":[{"embeddable":true,"href":"http:\/\/www.see-the-light-of-day.de\/cms\/wp-json\/wp\/v2\/users\/1"}],"replies":[{"embeddable":true,"href":"http:\/\/www.see-the-light-of-day.de\/cms\/wp-json\/wp\/v2\/comments?post=1859"}],"version-history":[{"count":14,"href":"http:\/\/www.see-the-light-of-day.de\/cms\/wp-json\/wp\/v2\/pages\/1859\/revisions"}],"predecessor-version":[{"id":2323,"href":"http:\/\/www.see-the-light-of-day.de\/cms\/wp-json\/wp\/v2\/pages\/1859\/revisions\/2323"}],"wp:attachment":[{"href":"http:\/\/www.see-the-light-of-day.de\/cms\/wp-json\/wp\/v2\/media?parent=1859"}],"curies":[{"name":"wp","href":"https:\/\/api.w.org\/{rel}","templated":true}]}}